{"id":32,"date":"2021-10-22T12:47:39","date_gmt":"2021-10-22T12:47:39","guid":{"rendered":"http:\/\/www.erenlerorman.com\/?page_id=32"},"modified":"2022-07-01T08:52:21","modified_gmt":"2022-07-01T08:52:21","slug":"elektrik-malzemeleri-ve-aydinlatma","status":"publish","type":"page","link":"http:\/\/www.erenlerorman.com\/index.php\/elektrik-malzemeleri-ve-aydinlatma\/","title":{"rendered":"ELEKTR\u0130K MALZEMELER\u0130 VE AYDINLATMA"},"content":{"rendered":"\n<h2>BAH\u00c7E AYDINLATMA<\/h2>\n\n\n\n<figure class=\"wp-block-gallery columns-3 is-cropped\"><ul class=\"blocks-gallery-grid\"><li class=\"blocks-gallery-item\"><figure><img loading=\"lazy\" width=\"896\" height=\"972\" src=\"http:\/\/www.erenlerorman.com\/wp-content\/uploads\/2021\/11\/aydinlatma1.jpg\" alt=\"\" data-id=\"206\" data-full-url=\"http:\/\/www.erenlerorman.com\/wp-content\/uploads\/2021\/11\/aydinlatma1.jpg\" data-link=\"http:\/\/www.erenlerorman.com\/index.php\/elektrik-malzemeleri-ve-aydinlatma\/aydinlatma1\/\" class=\"wp-image-206\" srcset=\"http:\/\/www.erenlerorman.com\/wp-content\/uploads\/2021\/11\/aydinlatma1.jpg 896w, http:\/\/www.erenlerorman.com\/wp-content\/uploads\/2021\/11\/aydinlatma1-277x300.jpg 277w, http:\/\/www.erenlerorman.com\/wp-content\/uploads\/2021\/11\/aydinlatma1-768x833.jpg 768w\" sizes=\"(max-width: 896px) 100vw, 896px\" \/><\/figure><\/li><li class=\"blocks-gallery-item\"><figure><img loading=\"lazy\" width=\"811\" height=\"1024\" src=\"http:\/\/www.erenlerorman.com\/wp-content\/uploads\/2021\/11\/aydinlatma2-811x1024.jpg\" alt=\"\" data-id=\"207\" data-full-url=\"http:\/\/www.erenlerorman.com\/wp-content\/uploads\/2021\/11\/aydinlatma2.jpg\" data-link=\"http:\/\/www.erenlerorman.com\/index.php\/elektrik-malzemeleri-ve-aydinlatma\/aydinlatma2\/\" class=\"wp-image-207\" srcset=\"http:\/\/www.erenlerorman.com\/wp-content\/uploads\/2021\/11\/aydinlatma2-811x1024.jpg 811w, http:\/\/www.erenlerorman.com\/wp-content\/uploads\/2021\/11\/aydinlatma2-237x300.jpg 237w, http:\/\/www.erenlerorman.com\/wp-content\/uploads\/2021\/11\/aydinlatma2-768x970.jpg 768w, http:\/\/www.erenlerorman.com\/wp-content\/uploads\/2021\/11\/aydinlatma2.jpg 896w\" sizes=\"(max-width: 811px) 100vw, 811px\" \/><\/figure><\/li><li class=\"blocks-gallery-item\"><figure><img loading=\"lazy\" width=\"802\" height=\"1024\" src=\"http:\/\/www.erenlerorman.com\/wp-content\/uploads\/2021\/11\/aydinlatma3-802x1024.jpg\" alt=\"\" data-id=\"208\" data-full-url=\"http:\/\/www.erenlerorman.com\/wp-content\/uploads\/2021\/11\/aydinlatma3.jpg\" data-link=\"http:\/\/www.erenlerorman.com\/index.php\/elektrik-malzemeleri-ve-aydinlatma\/aydinlatma3\/\" class=\"wp-image-208\" srcset=\"http:\/\/www.erenlerorman.com\/wp-content\/uploads\/2021\/11\/aydinlatma3-802x1024.jpg 802w, http:\/\/www.erenlerorman.com\/wp-content\/uploads\/2021\/11\/aydinlatma3-235x300.jpg 235w, http:\/\/www.erenlerorman.com\/wp-content\/uploads\/2021\/11\/aydinlatma3-768x981.jpg 768w, http:\/\/www.erenlerorman.com\/wp-content\/uploads\/2021\/11\/aydinlatma3.jpg 896w\" sizes=\"(max-width: 802px) 100vw, 802px\" \/><\/figure><\/li><\/ul><\/figure>\n\n\n\n<figure class=\"wp-block-gallery columns-3 is-cropped\"><ul class=\"blocks-gallery-grid\"><li class=\"blocks-gallery-item\"><figure><img loading=\"lazy\" width=\"866\" height=\"1024\" src=\"http:\/\/www.erenlerorman.com\/wp-content\/uploads\/2021\/11\/aydinlatma10-866x1024.jpg\" alt=\"\" data-id=\"213\" data-full-url=\"http:\/\/www.erenlerorman.com\/wp-content\/uploads\/2021\/11\/aydinlatma10.jpg\" data-link=\"http:\/\/www.erenlerorman.com\/index.php\/elektrik-malzemeleri-ve-aydinlatma\/aydinlatma10\/\" class=\"wp-image-213\" srcset=\"http:\/\/www.erenlerorman.com\/wp-content\/uploads\/2021\/11\/aydinlatma10-866x1024.jpg 866w, http:\/\/www.erenlerorman.com\/wp-content\/uploads\/2021\/11\/aydinlatma10-254x300.jpg 254w, http:\/\/www.erenlerorman.com\/wp-content\/uploads\/2021\/11\/aydinlatma10-768x909.jpg 768w, http:\/\/www.erenlerorman.com\/wp-content\/uploads\/2021\/11\/aydinlatma10.jpg 896w\" sizes=\"(max-width: 866px) 100vw, 866px\" \/><\/figure><\/li><li class=\"blocks-gallery-item\"><figure><img loading=\"lazy\" width=\"745\" height=\"1024\" src=\"http:\/\/www.erenlerorman.com\/wp-content\/uploads\/2021\/11\/aydinlatma11-745x1024.jpg\" alt=\"\" data-id=\"214\" data-full-url=\"http:\/\/www.erenlerorman.com\/wp-content\/uploads\/2021\/11\/aydinlatma11.jpg\" data-link=\"http:\/\/www.erenlerorman.com\/index.php\/elektrik-malzemeleri-ve-aydinlatma\/aydinlatma11\/\" class=\"wp-image-214\" srcset=\"http:\/\/www.erenlerorman.com\/wp-content\/uploads\/2021\/11\/aydinlatma11-745x1024.jpg 745w, http:\/\/www.erenlerorman.com\/wp-content\/uploads\/2021\/11\/aydinlatma11-218x300.jpg 218w, http:\/\/www.erenlerorman.com\/wp-content\/uploads\/2021\/11\/aydinlatma11-768x1056.jpg 768w, http:\/\/www.erenlerorman.com\/wp-content\/uploads\/2021\/11\/aydinlatma11.jpg 896w\" sizes=\"(max-width: 745px) 100vw, 745px\" \/><\/figure><\/li><li class=\"blocks-gallery-item\"><figure><img loading=\"lazy\" width=\"819\" height=\"1024\" src=\"http:\/\/www.erenlerorman.com\/wp-content\/uploads\/2021\/11\/aydinlatma13-819x1024.jpg\" alt=\"\" data-id=\"215\" data-full-url=\"http:\/\/www.erenlerorman.com\/wp-content\/uploads\/2021\/11\/aydinlatma13.jpg\" data-link=\"http:\/\/www.erenlerorman.com\/index.php\/elektrik-malzemeleri-ve-aydinlatma\/aydinlatma13\/\" class=\"wp-image-215\" srcset=\"http:\/\/www.erenlerorman.com\/wp-content\/uploads\/2021\/11\/aydinlatma13-819x1024.jpg 819w, http:\/\/www.erenlerorman.com\/wp-content\/uploads\/2021\/11\/aydinlatma13-240x300.jpg 240w, http:\/\/www.erenlerorman.com\/wp-content\/uploads\/2021\/11\/aydinlatma13-768x960.jpg 768w, http:\/\/www.erenlerorman.com\/wp-content\/uploads\/2021\/11\/aydinlatma13.jpg 896w\" sizes=\"(max-width: 819px) 100vw, 819px\" \/><\/figure><\/li><\/ul><\/figure>\n\n\n\n<h2>AYDINLATMA<\/h2>\n\n\n\n<figure class=\"wp-block-gallery columns-3 is-cropped\"><ul class=\"blocks-gallery-grid\"><li class=\"blocks-gallery-item\"><figure><img loading=\"lazy\" width=\"621\" height=\"1024\" src=\"http:\/\/www.erenlerorman.com\/wp-content\/uploads\/2021\/11\/aydinlatma7-621x1024.jpg\" alt=\"\" data-id=\"210\" data-full-url=\"http:\/\/www.erenlerorman.com\/wp-content\/uploads\/2021\/11\/aydinlatma7.jpg\" data-link=\"http:\/\/www.erenlerorman.com\/index.php\/elektrik-malzemeleri-ve-aydinlatma\/aydinlatma7\/\" class=\"wp-image-210\" srcset=\"http:\/\/www.erenlerorman.com\/wp-content\/uploads\/2021\/11\/aydinlatma7-621x1024.jpg 621w, http:\/\/www.erenlerorman.com\/wp-content\/uploads\/2021\/11\/aydinlatma7-182x300.jpg 182w, http:\/\/www.erenlerorman.com\/wp-content\/uploads\/2021\/11\/aydinlatma7-768x1266.jpg 768w, http:\/\/www.erenlerorman.com\/wp-content\/uploads\/2021\/11\/aydinlatma7.jpg 852w\" sizes=\"(max-width: 621px) 100vw, 621px\" \/><\/figure><\/li><li class=\"blocks-gallery-item\"><figure><img loading=\"lazy\" width=\"639\" height=\"1024\" src=\"http:\/\/www.erenlerorman.com\/wp-content\/uploads\/2021\/11\/aydinlatma8-639x1024.jpg\" alt=\"\" data-id=\"211\" data-full-url=\"http:\/\/www.erenlerorman.com\/wp-content\/uploads\/2021\/11\/aydinlatma8.jpg\" data-link=\"http:\/\/www.erenlerorman.com\/index.php\/elektrik-malzemeleri-ve-aydinlatma\/aydinlatma8\/\" class=\"wp-image-211\" srcset=\"http:\/\/www.erenlerorman.com\/wp-content\/uploads\/2021\/11\/aydinlatma8-639x1024.jpg 639w, http:\/\/www.erenlerorman.com\/wp-content\/uploads\/2021\/11\/aydinlatma8-187x300.jpg 187w, http:\/\/www.erenlerorman.com\/wp-content\/uploads\/2021\/11\/aydinlatma8-768x1232.jpg 768w, http:\/\/www.erenlerorman.com\/wp-content\/uploads\/2021\/11\/aydinlatma8.jpg 868w\" sizes=\"(max-width: 639px) 100vw, 639px\" \/><\/figure><\/li><li class=\"blocks-gallery-item\"><figure><img loading=\"lazy\" width=\"576\" height=\"1024\" src=\"http:\/\/www.erenlerorman.com\/wp-content\/uploads\/2021\/11\/aydinlatma9-576x1024.jpg\" alt=\"\" data-id=\"212\" data-full-url=\"http:\/\/www.erenlerorman.com\/wp-content\/uploads\/2021\/11\/aydinlatma9.jpg\" data-link=\"http:\/\/www.erenlerorman.com\/index.php\/elektrik-malzemeleri-ve-aydinlatma\/aydinlatma9\/\" class=\"wp-image-212\" srcset=\"http:\/\/www.erenlerorman.com\/wp-content\/uploads\/2021\/11\/aydinlatma9-576x1024.jpg 576w, http:\/\/www.erenlerorman.com\/wp-content\/uploads\/2021\/11\/aydinlatma9-169x300.jpg 169w, http:\/\/www.erenlerorman.com\/wp-content\/uploads\/2021\/11\/aydinlatma9-768x1366.jpg 768w, http:\/\/www.erenlerorman.com\/wp-content\/uploads\/2021\/11\/aydinlatma9-864x1536.jpg 864w, http:\/\/www.erenlerorman.com\/wp-content\/uploads\/2021\/11\/aydinlatma9.jpg 899w\" sizes=\"(max-width: 576px) 100vw, 576px\" \/><\/figure><\/li><\/ul><\/figure>\n\n\n\n<figure class=\"wp-block-gallery columns-2 is-cropped\"><ul class=\"blocks-gallery-grid\"><li class=\"blocks-gallery-item\"><figure><img loading=\"lazy\" width=\"1024\" height=\"678\" src=\"http:\/\/www.erenlerorman.com\/wp-content\/uploads\/2022\/07\/DSC_4443-1024x678.jpg\" alt=\"\" data-id=\"250\" data-full-url=\"http:\/\/www.erenlerorman.com\/wp-content\/uploads\/2022\/07\/DSC_4443-scaled.jpg\" data-link=\"http:\/\/www.erenlerorman.com\/index.php\/elektrik-malzemeleri-ve-aydinlatma\/dsc_4443\/\" class=\"wp-image-250\" srcset=\"http:\/\/www.erenlerorman.com\/wp-content\/uploads\/2022\/07\/DSC_4443-1024x678.jpg 1024w, http:\/\/www.erenlerorman.com\/wp-content\/uploads\/2022\/07\/DSC_4443-300x199.jpg 300w, http:\/\/www.erenlerorman.com\/wp-content\/uploads\/2022\/07\/DSC_4443-768x509.jpg 768w, http:\/\/www.erenlerorman.com\/wp-content\/uploads\/2022\/07\/DSC_4443-1536x1017.jpg 1536w, http:\/\/www.erenlerorman.com\/wp-content\/uploads\/2022\/07\/DSC_4443-2048x1356.jpg 2048w, http:\/\/www.erenlerorman.com\/wp-content\/uploads\/2022\/07\/DSC_4443-1140x755.jpg 1140w, http:\/\/www.erenlerorman.com\/wp-content\/uploads\/2022\/07\/DSC_4443-500x330.jpg 500w\" sizes=\"(max-width: 1024px) 100vw, 1024px\" \/><\/figure><\/li><li class=\"blocks-gallery-item\"><figure><img loading=\"lazy\" width=\"1024\" height=\"678\" src=\"http:\/\/www.erenlerorman.com\/wp-content\/uploads\/2022\/07\/DSC_4444-1024x678.jpg\" alt=\"\" data-id=\"251\" data-full-url=\"http:\/\/www.erenlerorman.com\/wp-content\/uploads\/2022\/07\/DSC_4444-scaled.jpg\" data-link=\"http:\/\/www.erenlerorman.com\/index.php\/elektrik-malzemeleri-ve-aydinlatma\/dsc_4444\/\" class=\"wp-image-251\" srcset=\"http:\/\/www.erenlerorman.com\/wp-content\/uploads\/2022\/07\/DSC_4444-1024x678.jpg 1024w, http:\/\/www.erenlerorman.com\/wp-content\/uploads\/2022\/07\/DSC_4444-300x199.jpg 300w, http:\/\/www.erenlerorman.com\/wp-content\/uploads\/2022\/07\/DSC_4444-768x509.jpg 768w, http:\/\/www.erenlerorman.com\/wp-content\/uploads\/2022\/07\/DSC_4444-1536x1017.jpg 1536w, http:\/\/www.erenlerorman.com\/wp-content\/uploads\/2022\/07\/DSC_4444-2048x1356.jpg 2048w, http:\/\/www.erenlerorman.com\/wp-content\/uploads\/2022\/07\/DSC_4444-1140x755.jpg 1140w, http:\/\/www.erenlerorman.com\/wp-content\/uploads\/2022\/07\/DSC_4444-500x330.jpg 500w\" sizes=\"(max-width: 1024px) 100vw, 1024px\" \/><\/figure><\/li><\/ul><\/figure>\n\n\n\n<h2>ELEKTR\u0130K MALZEMELER\u0130<\/h2>\n\n\n\n<figure class=\"wp-block-gallery columns-3 is-cropped\"><ul class=\"blocks-gallery-grid\"><li class=\"blocks-gallery-item\"><figure><img loading=\"lazy\" width=\"859\" height=\"1024\" src=\"http:\/\/www.erenlerorman.com\/wp-content\/uploads\/2021\/11\/aydinlatma5-859x1024.jpg\" alt=\"\" data-id=\"216\" data-full-url=\"http:\/\/www.erenlerorman.com\/wp-content\/uploads\/2021\/11\/aydinlatma5.jpg\" data-link=\"http:\/\/www.erenlerorman.com\/index.php\/elektrik-malzemeleri-ve-aydinlatma\/aydinlatma5\/\" class=\"wp-image-216\" srcset=\"http:\/\/www.erenlerorman.com\/wp-content\/uploads\/2021\/11\/aydinlatma5-859x1024.jpg 859w, http:\/\/www.erenlerorman.com\/wp-content\/uploads\/2021\/11\/aydinlatma5-252x300.jpg 252w, http:\/\/www.erenlerorman.com\/wp-content\/uploads\/2021\/11\/aydinlatma5-768x915.jpg 768w, http:\/\/www.erenlerorman.com\/wp-content\/uploads\/2021\/11\/aydinlatma5.jpg 896w\" sizes=\"(max-width: 859px) 100vw, 859px\" \/><\/figure><\/li><li class=\"blocks-gallery-item\"><figure><img loading=\"lazy\" width=\"772\" height=\"1024\" src=\"http:\/\/www.erenlerorman.com\/wp-content\/uploads\/2021\/11\/aydinlatma12-772x1024.jpg\" alt=\"\" data-id=\"217\" data-full-url=\"http:\/\/www.erenlerorman.com\/wp-content\/uploads\/2021\/11\/aydinlatma12.jpg\" data-link=\"http:\/\/www.erenlerorman.com\/index.php\/elektrik-malzemeleri-ve-aydinlatma\/aydinlatma12\/\" class=\"wp-image-217\" srcset=\"http:\/\/www.erenlerorman.com\/wp-content\/uploads\/2021\/11\/aydinlatma12-772x1024.jpg 772w, http:\/\/www.erenlerorman.com\/wp-content\/uploads\/2021\/11\/aydinlatma12-226x300.jpg 226w, http:\/\/www.erenlerorman.com\/wp-content\/uploads\/2021\/11\/aydinlatma12-768x1018.jpg 768w, http:\/\/www.erenlerorman.com\/wp-content\/uploads\/2021\/11\/aydinlatma12.jpg 896w\" sizes=\"(max-width: 772px) 100vw, 772px\" \/><\/figure><\/li><li class=\"blocks-gallery-item\"><figure><img loading=\"lazy\" width=\"747\" height=\"1024\" src=\"http:\/\/www.erenlerorman.com\/wp-content\/uploads\/2021\/11\/aydinlatma14-747x1024.jpg\" alt=\"\" data-id=\"218\" data-full-url=\"http:\/\/www.erenlerorman.com\/wp-content\/uploads\/2021\/11\/aydinlatma14.jpg\" data-link=\"http:\/\/www.erenlerorman.com\/index.php\/elektrik-malzemeleri-ve-aydinlatma\/aydinlatma14\/\" class=\"wp-image-218\" srcset=\"http:\/\/www.erenlerorman.com\/wp-content\/uploads\/2021\/11\/aydinlatma14-747x1024.jpg 747w, http:\/\/www.erenlerorman.com\/wp-content\/uploads\/2021\/11\/aydinlatma14-219x300.jpg 219w, http:\/\/www.erenlerorman.com\/wp-content\/uploads\/2021\/11\/aydinlatma14-768x1053.jpg 768w, http:\/\/www.erenlerorman.com\/wp-content\/uploads\/2021\/11\/aydinlatma14.jpg 896w\" sizes=\"(max-width: 747px) 100vw, 747px\" \/><\/figure><\/li><\/ul><\/figure>\n\n\n\n<figure class=\"wp-block-gallery columns-1 is-cropped\"><ul class=\"blocks-gallery-grid\"><li class=\"blocks-gallery-item\"><figure><img loading=\"lazy\" width=\"1024\" height=\"678\" src=\"http:\/\/www.erenlerorman.com\/wp-content\/uploads\/2022\/07\/DSC_4439-1024x678.jpg\" alt=\"\" data-id=\"255\" data-full-url=\"http:\/\/www.erenlerorman.com\/wp-content\/uploads\/2022\/07\/DSC_4439-scaled.jpg\" data-link=\"http:\/\/www.erenlerorman.com\/index.php\/elektrik-malzemeleri-ve-aydinlatma\/dsc_4439\/\" class=\"wp-image-255\" srcset=\"http:\/\/www.erenlerorman.com\/wp-content\/uploads\/2022\/07\/DSC_4439-1024x678.jpg 1024w, http:\/\/www.erenlerorman.com\/wp-content\/uploads\/2022\/07\/DSC_4439-300x199.jpg 300w, http:\/\/www.erenlerorman.com\/wp-content\/uploads\/2022\/07\/DSC_4439-768x509.jpg 768w, http:\/\/www.erenlerorman.com\/wp-content\/uploads\/2022\/07\/DSC_4439-1536x1017.jpg 1536w, http:\/\/www.erenlerorman.com\/wp-content\/uploads\/2022\/07\/DSC_4439-2048x1356.jpg 2048w, http:\/\/www.erenlerorman.com\/wp-content\/uploads\/2022\/07\/DSC_4439-1140x755.jpg 1140w, http:\/\/www.erenlerorman.com\/wp-content\/uploads\/2022\/07\/DSC_4439-500x330.jpg 500w\" sizes=\"(max-width: 1024px) 100vw, 1024px\" \/><\/figure><\/li><\/ul><\/figure>\n\n\n\n<figure class=\"wp-block-gallery columns-2 is-cropped\"><ul class=\"blocks-gallery-grid\"><li class=\"blocks-gallery-item\"><figure><img loading=\"lazy\" width=\"1024\" height=\"678\" src=\"http:\/\/www.erenlerorman.com\/wp-content\/uploads\/2022\/07\/DSC_4436-1024x678.jpg\" alt=\"\" data-id=\"252\" data-full-url=\"http:\/\/www.erenlerorman.com\/wp-content\/uploads\/2022\/07\/DSC_4436-scaled.jpg\" data-link=\"http:\/\/www.erenlerorman.com\/index.php\/elektrik-malzemeleri-ve-aydinlatma\/dsc_4436\/\" class=\"wp-image-252\" srcset=\"http:\/\/www.erenlerorman.com\/wp-content\/uploads\/2022\/07\/DSC_4436-1024x678.jpg 1024w, http:\/\/www.erenlerorman.com\/wp-content\/uploads\/2022\/07\/DSC_4436-300x199.jpg 300w, http:\/\/www.erenlerorman.com\/wp-content\/uploads\/2022\/07\/DSC_4436-768x509.jpg 768w, http:\/\/www.erenlerorman.com\/wp-content\/uploads\/2022\/07\/DSC_4436-1536x1017.jpg 1536w, http:\/\/www.erenlerorman.com\/wp-content\/uploads\/2022\/07\/DSC_4436-2048x1356.jpg 2048w, http:\/\/www.erenlerorman.com\/wp-content\/uploads\/2022\/07\/DSC_4436-1140x755.jpg 1140w, http:\/\/www.erenlerorman.com\/wp-content\/uploads\/2022\/07\/DSC_4436-500x330.jpg 500w\" sizes=\"(max-width: 1024px) 100vw, 1024px\" \/><\/figure><\/li><li class=\"blocks-gallery-item\"><figure><img loading=\"lazy\" width=\"1024\" height=\"678\" src=\"http:\/\/www.erenlerorman.com\/wp-content\/uploads\/2022\/07\/DSC_4438-1024x678.jpg\" alt=\"\" data-id=\"253\" data-full-url=\"http:\/\/www.erenlerorman.com\/wp-content\/uploads\/2022\/07\/DSC_4438-scaled.jpg\" data-link=\"http:\/\/www.erenlerorman.com\/index.php\/elektrik-malzemeleri-ve-aydinlatma\/dsc_4438\/\" class=\"wp-image-253\" srcset=\"http:\/\/www.erenlerorman.com\/wp-content\/uploads\/2022\/07\/DSC_4438-1024x678.jpg 1024w, http:\/\/www.erenlerorman.com\/wp-content\/uploads\/2022\/07\/DSC_4438-300x199.jpg 300w, http:\/\/www.erenlerorman.com\/wp-content\/uploads\/2022\/07\/DSC_4438-768x509.jpg 768w, http:\/\/www.erenlerorman.com\/wp-content\/uploads\/2022\/07\/DSC_4438-1536x1017.jpg 1536w, http:\/\/www.erenlerorman.com\/wp-content\/uploads\/2022\/07\/DSC_4438-2048x1356.jpg 2048w, http:\/\/www.erenlerorman.com\/wp-content\/uploads\/2022\/07\/DSC_4438-1140x755.jpg 1140w, http:\/\/www.erenlerorman.com\/wp-content\/uploads\/2022\/07\/DSC_4438-500x330.jpg 500w\" sizes=\"(max-width: 1024px) 100vw, 1024px\" \/><\/figure><\/li><\/ul><\/figure>\n","protected":false},"excerpt":{"rendered":"<p>BAH\u00c7E AYDINLATMA AYDINLATMA ELEKTR\u0130K MALZEMELER\u0130<\/p>\n","protected":false},"author":1,"featured_media":0,"parent":0,"menu_order":0,"comment_status":"closed","ping_status":"closed","template":"","meta":[],"_links":{"self":[{"href":"http:\/\/www.erenlerorman.com\/index.php\/wp-json\/wp\/v2\/pages\/32"}],"collection":[{"href":"http:\/\/www.erenlerorman.com\/index.php\/wp-json\/wp\/v2\/pages"}],"about":[{"href":"http:\/\/www.erenlerorman.com\/index.php\/wp-json\/wp\/v2\/types\/page"}],"author":[{"embeddable":true,"href":"http:\/\/www.erenlerorman.com\/index.php\/wp-json\/wp\/v2\/users\/1"}],"replies":[{"embeddable":true,"href":"http:\/\/www.erenlerorman.com\/index.php\/wp-json\/wp\/v2\/comments?post=32"}],"version-history":[{"count":4,"href":"http:\/\/www.erenlerorman.com\/index.php\/wp-json\/wp\/v2\/pages\/32\/revisions"}],"predecessor-version":[{"id":256,"href":"http:\/\/www.erenlerorman.com\/index.php\/wp-json\/wp\/v2\/pages\/32\/revisions\/256"}],"wp:attachment":[{"href":"http:\/\/www.erenlerorman.com\/index.php\/wp-json\/wp\/v2\/media?parent=32"}],"curies":[{"name":"wp","href":"https:\/\/api.w.org\/{rel}","templated":true}]}}