{"id":58,"date":"2021-10-23T19:09:31","date_gmt":"2021-10-23T19:09:31","guid":{"rendered":"http:\/\/www.erenlerorman.com\/?page_id=58"},"modified":"2021-11-01T16:28:17","modified_gmt":"2021-11-01T16:28:17","slug":"iletisim","status":"publish","type":"page","link":"http:\/\/www.erenlerorman.com\/index.php\/iletisim\/","title":{"rendered":"\u0130leti\u015fim"},"content":{"rendered":"\n<p>S\u0130L\u0130VR\u0130 \u015eUBES\u0130 :<\/p>\n\n\n\n<p>Alipa\u015fa Mh, Fatih Sultan Mehmet Cd No:18, 34570 Silivri\/\u0130stanbul<\/p>\n\n\n\n<p><a href=\"tel:02127360038\">(0212) 736 00 38<\/a><\/p>\n\n\n\n<p><a href=\"https:\/\/www.google.com\/maps\/place\/Erenler+Orman+%C3%9Cr%C3%BCnler%C4%B0\/@41.0873802,28.2093592,2383m\/data=!3m1!1e3!4m5!3m4!1s0x0:0xcf251064db0f2b05!8m2!3d41.0850868!4d28.2058538\">Silivri \u015eube Konumuna Gidin<\/a><\/p>\n\n\n\n<p><\/p>\n\n\n\n<p>\u00c7ORLU \u015eUBES\u0130 :<\/p>\n\n\n\n<p>Bak\u0131m Onar\u0131m, Zafer Mahallesi Yeni Sanayi Sitesi, Birinci Sokak No 16-18-20, 59850 \u00c7orlu\/Tekirda\u011f<\/p>\n\n\n\n<p><a href=\"tel:02826732010\">(0282) 673 20 10<\/a><\/p>\n\n\n\n<p><a href=\"https:\/\/www.google.com\/maps\/place\/Erenler+Orman+%C3%9Cr%C3%BCnleri+%C3%87orlu+%C5%9Eubesi\/@41.1493323,27.8388378,15z\/data=!4m2!3m1!1s0x0:0x34478a06d0cfef57?sa=X&amp;ved=2ahUKEwi9mfGc0-fzAhXnSvEDHQ_3DpUQ_BJ6BAhVEAU\" data-type=\"URL\" data-id=\"https:\/\/www.google.com\/maps\/place\/Erenler+Orman+%C3%9Cr%C3%BCnleri+%C3%87orlu+%C5%9Eubesi\/@41.1493323,27.8388378,15z\/data=!4m2!3m1!1s0x0:0x34478a06d0cfef57?sa=X&amp;ved=2ahUKEwi9mfGc0-fzAhXnSvEDHQ_3DpUQ_BJ6BAhVEAU\">\u00c7orlu \u015eube Konumuna Gidin<\/a><\/p>\n","protected":false},"excerpt":{"rendered":"<p>S\u0130L\u0130VR\u0130 \u015eUBES\u0130 : Alipa\u015fa Mh, Fatih Sultan Mehmet Cd No:18, 34570 Silivri\/\u0130stanbul (0212) 736 00 38 Silivri \u015eube Konumuna Gidin \u00c7ORLU \u015eUBES\u0130 : Bak\u0131m Onar\u0131m, Zafer Mahallesi Yeni Sanayi Sitesi, Birinci Sokak No 16-18-20, 59850 \u00c7orlu\/Tekirda\u011f (0282) 673 20 10 \u00c7orlu \u015eube Konumuna Gidin<\/p>\n","protected":false},"author":1,"featured_media":0,"parent":0,"menu_order":0,"comment_status":"closed","ping_status":"closed","template":"","meta":[],"_links":{"self":[{"href":"http:\/\/www.erenlerorman.com\/index.php\/wp-json\/wp\/v2\/pages\/58"}],"collection":[{"href":"http:\/\/www.erenlerorman.com\/index.php\/wp-json\/wp\/v2\/pages"}],"about":[{"href":"http:\/\/www.erenlerorman.com\/index.php\/wp-json\/wp\/v2\/types\/page"}],"author":[{"embeddable":true,"href":"http:\/\/www.erenlerorman.com\/index.php\/wp-json\/wp\/v2\/users\/1"}],"replies":[{"embeddable":true,"href":"http:\/\/www.erenlerorman.com\/index.php\/wp-json\/wp\/v2\/comments?post=58"}],"version-history":[{"count":7,"href":"http:\/\/www.erenlerorman.com\/index.php\/wp-json\/wp\/v2\/pages\/58\/revisions"}],"predecessor-version":[{"id":136,"href":"http:\/\/www.erenlerorman.com\/index.php\/wp-json\/wp\/v2\/pages\/58\/revisions\/136"}],"wp:attachment":[{"href":"http:\/\/www.erenlerorman.com\/index.php\/wp-json\/wp\/v2\/media?parent=58"}],"curies":[{"name":"wp","href":"https:\/\/api.w.org\/{rel}","templated":true}]}}